{"id":3064,"date":"2023-01-06T12:57:58","date_gmt":"2023-01-06T12:57:58","guid":{"rendered":"https:\/\/www.patententer.com\/ochrana-soukromi"},"modified":"2025-06-04T07:42:34","modified_gmt":"2025-06-04T07:42:34","slug":"ochrana-soukromi","status":"publish","type":"page","link":"https:\/\/patententer.com\/en\/ochrana-soukromi","title":{"rendered":"Z\u00e1sady ochrany osobn\u00edch \u00fadaj\u016f"},"content":{"rendered":"\n<section class=\"wp-block-group stripe-sm\"><div class=\"wp-block-group__inner-container is-layout-constrained wp-block-group-is-layout-constrained\"><div class=\"wp-bootstrap-blocks-container container mb-2\">\n\t\n<div class=\"wp-bootstrap-blocks-row row\">\n\t\n\n<div class=\"col-12\">\n\t\t\t\n\n<h2 class=\"wp-block-heading\" style=\"font-size:39px\">Z\u00e1sady zpracov\u00e1n\u00ed osobn\u00edch \u00fadaj\u016f<\/h2>\n\n\n\n<div style=\"height:30px\" aria-hidden=\"true\" class=\"wp-block-spacer\"><\/div>\n\n\n\n<p class=\"has-black-color has-text-color has-background has-link-color wp-elements-db5a9e21aaea4b8b362d3dd1f21310dc\" style=\"background-color:#f3f4f6\"><em>V t\u011bchto z\u00e1sad\u00e1ch ochrany osobn\u00edch \u00fadaj\u016f v\u00e1s jako spole\u010dnost patentov\u00fdch z\u00e1stupc\u016f PatentEnter s.r.o., se s\u00eddlem Koli\u0161t\u011b 1965\/13a, 602 00 Brno \u2013 \u010cern\u00e1 pole, I\u010c: 05793491 (d\u00e1le jen &#8220;PatentEnter&#8221;) informujeme o zp\u016fsobu zpracov\u00e1n\u00ed osobn\u00edch \u00fadaj\u016f v souladu s Na\u0159\u00edzen\u00edm Evropsk\u00e9ho parlamentu a Rady (EU) 2016\/679 (d\u00e1le jen &#8220;Na\u0159\u00edzen\u00ed&#8221;).<\/em><\/p>\n\n\n\n<div style=\"height:30px\" aria-hidden=\"true\" class=\"wp-block-spacer\"><\/div>\n\n\n\n<h3 class=\"wp-block-heading\">Ml\u010denlivost<\/h3>\n\n\n\n<p><strong>Zam\u011bstnanci PatentEnter i spolupracuj\u00edc\u00ed osoby (nap\u0159. advok\u00e1ti) jsou ze z\u00e1kona v\u00e1z\u00e1ni povinnost\u00ed ml\u010denlivosti <\/strong>podle \u00a7 36 z\u00e1kona \u010d. 417\/2004 Sb., o patentov\u00fdch z\u00e1stupc\u00edch. Tato povinnost se vztahuje i na osobn\u00ed \u00fadaje, kter\u00e9 jsou sd\u011bleny klienty nebo t\u0159et\u00edmi osobami v r\u00e1mci poskytov\u00e1n\u00ed pr\u00e1vn\u00edch slu\u017eeb.<\/p>\n\n\n\n<p>Ml\u010denlivost chr\u00e1n\u00ed i dotazy zaslan\u00e9 z\u00e1jemci o na\u0161e slu\u017eby, pokud obsahuj\u00ed osobn\u00ed \u00fadaje.<\/p>\n\n\n\n<p>S osobn\u00edmi \u00fadaji klient\u016f i z\u00e1jemc\u016f, s nimi\u017e nebyla uzav\u0159ena smlouva, nakl\u00e1d\u00e1me s maxim\u00e1ln\u00ed p\u00e9\u010d\u00ed a d\u016fv\u011brnost\u00ed.<\/p>\n\n\n\n<div style=\"height:30px\" aria-hidden=\"true\" class=\"wp-block-spacer\"><\/div>\n\n\n\n<h3 class=\"wp-block-heading\">\u00da\u010del a pr\u00e1vn\u00ed z\u00e1klad zpracov\u00e1n\u00ed osobn\u00edch \u00fadaj\u016f<\/h3>\n\n\n\n<p>Pokud jsme jako PatentEnter spr\u00e1vcem osobn\u00edch \u00fadaj\u016f, zpracov\u00e1v\u00e1me je zejm\u00e9na pro \u00fa\u010dely:<\/p>\n\n\n\n<ul class=\"wp-block-list\">\n<li>odpov\u011bdi na dotazy a poskytov\u00e1n\u00ed informac\u00ed o slu\u017eb\u00e1ch prost\u0159ednictv\u00edm webov\u00e9ho formul\u00e1\u0159e (\u010dl. 6 odst. 1 p\u00edsm. f) Na\u0159\u00edzen\u00ed \u2013 opr\u00e1vn\u011bn\u00fd z\u00e1jem),<\/li>\n\n\n\n<li>zaji\u0161t\u011bn\u00ed funk\u010dnosti a bezpe\u010dnosti webov\u00fdch str\u00e1nek (\u010dl. 6 odst. 1 p\u00edsm. f) \u2013 opr\u00e1vn\u011bn\u00fd z\u00e1jem),<\/li>\n\n\n\n<li>zas\u00edl\u00e1n\u00ed obchodn\u00edch sd\u011blen\u00ed (\u010dl. 6 odst. 1 p\u00edsm. a) \u2013 souhlas),<\/li>\n\n\n\n<li>anal\u00fdzy n\u00e1v\u0161t\u011bvnosti a marketingov\u00fdch aktivit (\u010dl. 6 odst. 1 p\u00edsm. a) \u2013 souhlas).<\/li>\n<\/ul>\n\n\n\n<div style=\"height:30px\" aria-hidden=\"true\" class=\"wp-block-spacer\"><\/div>\n\n\n\n<h3 class=\"wp-block-heading\">Rozsah zpracov\u00e1n\u00ed osobn\u00edch \u00fadaj\u016f<\/h3>\n\n\n\n<p>V r\u00e1mci webov\u00fdch str\u00e1nek zpracov\u00e1v\u00e1me:<\/p>\n\n\n\n<ul class=\"wp-block-list\">\n<li>jm\u00e9no a p\u0159\u00edjmen\u00ed,<\/li>\n\n\n\n<li>e-mail,<\/li>\n\n\n\n<li>telefonn\u00ed \u010d\u00edslo (pokud je uvedeno),<\/li>\n\n\n\n<li>I\u010cO (pokud je uvedeno v r\u00e1mci popt\u00e1vky pr\u00e1vnick\u00e9 osoby nebo podnikatele),<\/li>\n\n\n\n<li>obsah zpr\u00e1vy z kontaktn\u00edho formul\u00e1\u0159e,<\/li>\n\n\n\n<li>\u00fadaje o n\u00e1v\u0161t\u011bv\u011b webov\u00fdch str\u00e1nek (nap\u0159. IP adresa, typ za\u0159\u00edzen\u00ed, cookies).<\/li>\n<\/ul>\n\n\n\n<p>Nezpracov\u00e1v\u00e1me \u00fadaje jako je adresa bydli\u0161t\u011b nebo datum narozen\u00ed.<\/p>\n\n\n\n<div style=\"height:30px\" aria-hidden=\"true\" class=\"wp-block-spacer\"><\/div>\n\n\n\n<h3 class=\"wp-block-heading\">Cookies a sledovac\u00ed technologie<\/h3>\n\n\n\n<p>Na na\u0161ich webov\u00fdch str\u00e1nk\u00e1ch pou\u017e\u00edv\u00e1me cookies za \u00fa\u010delem:<\/p>\n\n\n\n<ul class=\"wp-block-list\">\n<li>zaji\u0161t\u011bn\u00ed technick\u00e9ho provozu (nezbytn\u00e9 cookies),<\/li>\n\n\n\n<li>anal\u00fdzy n\u00e1v\u0161t\u011bvnosti a zlep\u0161en\u00ed u\u017eivatelsk\u00e9ho z\u00e1\u017eitku (analytick\u00e9 cookies),<\/li>\n\n\n\n<li>personalizace reklam a obsahu (marketingov\u00e9 cookies).<\/li>\n<\/ul>\n\n\n\n<p>Pou\u017e\u00edv\u00e1n\u00ed cookies prob\u00edh\u00e1 na z\u00e1klad\u011b opr\u00e1vn\u011bn\u00e9ho z\u00e1jmu nebo souhlasu, pokud je vy\u017eadov\u00e1n. U\u017eivatel m\u016f\u017ee nastaven\u00ed cookies spravovat prost\u0159ednictv\u00edm sv\u00e9ho internetov\u00e9ho prohl\u00ed\u017ee\u010de nebo v na\u0161em cookie banneru.<\/p>\n\n\n\n<div style=\"height:30px\" aria-hidden=\"true\" class=\"wp-block-spacer\"><\/div>\n\n\n\n<h3 class=\"wp-block-heading\">Kontaktn\u00ed formul\u00e1\u0159e a komunikace<\/h3>\n\n\n\n<p>P\u0159i pou\u017eit\u00ed kontaktn\u00edho nebo popt\u00e1vkov\u00e9ho formul\u00e1\u0159e zpracov\u00e1v\u00e1me:<\/p>\n\n\n\n<ul class=\"wp-block-list\">\n<li>jm\u00e9no a p\u0159\u00edjmen\u00ed,<\/li>\n\n\n\n<li>e-mailovou adresu,<\/li>\n\n\n\n<li>telefonn\u00ed \u010d\u00edslo (pokud je uvedeno),<\/li>\n\n\n\n<li>I\u010cO (pokud je uvedeno),<\/li>\n\n\n\n<li>obsah zpr\u00e1vy.<\/li>\n<\/ul>\n\n\n\n<p>Za \u00fa\u010delem odpov\u011bdi na dotaz a p\u0159\u00edpravy nab\u00eddky ( \u010dl. 6 odst. 1 p\u00edsm. b).<\/p>\n\n\n\n<div style=\"height:30px\" aria-hidden=\"true\" class=\"wp-block-spacer\"><\/div>\n\n\n\n<h3 class=\"wp-block-heading\">Obchodn\u00ed sd\u011blen\u00ed a newsletter<\/h3>\n\n\n\n<p>Pokud se p\u0159ihl\u00e1s\u00edte k odb\u011bru na\u0161eho newsletteru, budeme zpracov\u00e1vat va\u0161i e-mailovou adresu za \u00fa\u010delem zas\u00edl\u00e1n\u00ed informac\u00ed o na\u0161ich slu\u017eb\u00e1ch. Zas\u00edl\u00e1n\u00ed m\u016f\u017eete kdykoli odhl\u00e1sit prost\u0159ednictv\u00edm odkazu v e-mailu.<\/p>\n\n\n\n<div style=\"height:30px\" aria-hidden=\"true\" class=\"wp-block-spacer\"><\/div>\n\n\n\n<h3 class=\"wp-block-heading\">Doba uchov\u00e1n\u00ed \u00fadaj\u016f<\/h3>\n\n\n\n<p>Osobn\u00ed \u00fadaje uchov\u00e1v\u00e1me:<\/p>\n\n\n\n<ul class=\"wp-block-list\">\n<li>po dobu nezbytnou k napln\u011bn\u00ed \u00fa\u010delu zpracov\u00e1n\u00ed,<\/li>\n\n\n\n<li>nejd\u00e9le po dobu stanovenou pr\u00e1vn\u00edmi p\u0159edpisy,<\/li>\n\n\n\n<li>nebo do odvol\u00e1n\u00ed souhlasu, pokud je pr\u00e1vn\u00edm z\u00e1kladem souhlas.<\/li>\n<\/ul>\n\n\n\n<div style=\"height:30px\" aria-hidden=\"true\" class=\"wp-block-spacer\"><\/div>\n\n\n\n<h3 class=\"wp-block-heading\">Zp\u016fsob zpracov\u00e1n\u00ed osobn\u00edch \u00fadaj\u016f<\/h3>\n\n\n\n<p>Osobn\u00ed \u00fadaje jsou zpracov\u00e1v\u00e1ny elektronicky, neautomatizovan\u011b. Nejsou p\u0159edm\u011btem automatizovan\u00e9ho rozhodov\u00e1n\u00ed nebo profilov\u00e1n\u00ed.<\/p>\n\n\n\n<div style=\"height:30px\" aria-hidden=\"true\" class=\"wp-block-spacer\"><\/div>\n\n\n\n<h3 class=\"wp-block-heading\">Pr\u00e1va subjekt\u016f \u00fadaj\u016f<\/h3>\n\n\n\n<p>Subjekt \u00fadaj\u016f m\u00e1:<\/p>\n\n\n\n<ul class=\"wp-block-list\">\n<li>pr\u00e1vo na p\u0159\u00edstup,<\/li>\n\n\n\n<li>pr\u00e1vo na opravu,<\/li>\n\n\n\n<li>pr\u00e1vo na v\u00fdmaz,<\/li>\n\n\n\n<li>pr\u00e1vo na omezen\u00ed zpracov\u00e1n\u00ed,<\/li>\n\n\n\n<li>pr\u00e1vo na p\u0159enositelnost,<\/li>\n\n\n\n<li>pr\u00e1vo vzn\u00e9st n\u00e1mitku,<\/li>\n\n\n\n<li>pr\u00e1vo podat st\u00ed\u017enost u \u00da\u0159adu pro ochranu osobn\u00edch \u00fadaj\u016f (www.uoou.cz).<\/li>\n<\/ul>\n\n\n\n<div style=\"height:30px\" aria-hidden=\"true\" class=\"wp-block-spacer\"><\/div>\n\n\n\n<h3 class=\"wp-block-heading\">Sd\u00edlen\u00ed osobn\u00edch \u00fadaj\u016f<\/h3>\n\n\n\n<p>Osobn\u00ed \u00fadaje mohou b\u00fdt zp\u0159\u00edstupn\u011bny pouze:<\/p>\n\n\n\n<ul class=\"wp-block-list\">\n<li>smluvn\u00edm zpracovatel\u016fm (nap\u0159. IT dodavatel\u00e9, poskytovatel\u00e9 e-mailov\u00fdch slu\u017eeb),<\/li>\n\n\n\n<li>ve\u0159ejn\u00fdm org\u00e1n\u016fm, pokud to vy\u017eaduje pr\u00e1vn\u00ed p\u0159edpis,<\/li>\n\n\n\n<li>t\u0159et\u00edm stran\u00e1m, pokud to vypl\u00fdv\u00e1 ze smlouvy se subjektem \u00fadaj\u016f nebo na z\u00e1klad\u011b jeho souhlasu.<\/li>\n<\/ul>\n\n\n\n<p>PatentEnter nikdy nep\u0159ed\u00e1v\u00e1 osobn\u00ed \u00fadaje pro \u00fa\u010dely p\u0159\u00edm\u00e9ho marketingu bez souhlasu.<\/p>\n\n\n\n<div style=\"height:30px\" aria-hidden=\"true\" class=\"wp-block-spacer\"><\/div>\n\n\n\n<h3 class=\"wp-block-heading\">Kontaktn\u00ed \u00fadaje PatentEnter jako spr\u00e1vce<\/h3>\n\n\n\n<ul class=\"wp-block-list\">\n<li><strong>E-mail: <\/strong>info@patententer.cz<\/li>\n\n\n\n<li><strong>Telefon: <\/strong>+420 778 052 075<\/li>\n\n\n\n<li><strong>Adresa: <\/strong>Koli\u0161t\u011b 1965\/13a, 602 00 Brno \u2013 \u010cern\u00e1 pole<\/li>\n<\/ul>\n\n\n\n<p>Tento dokument byl aktualizov\u00e1n v souladu s platn\u00fdmi pr\u00e1vn\u00edmi po\u017eadavky pro zve\u0159ejn\u011bn\u00ed na webov\u00fdch str\u00e1nk\u00e1ch. Subjekt \u00fadaj\u016f tuto informaci bere na v\u011bdom\u00ed.<\/p>\n\n\t<\/div>\n\n<\/div>\n\n<\/div>\n<\/div><\/section>\n","protected":false},"excerpt":{"rendered":"","protected":false},"author":3,"featured_media":0,"parent":0,"menu_order":0,"comment_status":"closed","ping_status":"closed","template":"","meta":{"inline_featured_image":false,"footnotes":""},"class_list":["post-3064","page","type-page","status-publish","hentry"],"acf":[],"yoast_head":"<!-- This site is optimized with the Yoast SEO plugin v27.4 - https:\/\/yoast.com\/product\/yoast-seo-wordpress\/ -->\n<title>Z\u00e1sady ochrany osobn\u00edch \u00fadaj\u016f | PatentEnter s.r.o.<\/title>\n<meta name=\"robots\" content=\"index, follow, max-snippet:-1, max-image-preview:large, max-video-preview:-1\" \/>\n<link rel=\"canonical\" href=\"https:\/\/patententer.com\/en\/ochrana-soukromi\" \/>\n<meta property=\"og:locale\" content=\"en_US\" \/>\n<meta property=\"og:type\" content=\"article\" \/>\n<meta property=\"og:title\" content=\"Z\u00e1sady ochrany osobn\u00edch \u00fadaj\u016f | PatentEnter s.r.o.\" \/>\n<meta property=\"og:url\" content=\"https:\/\/patententer.com\/en\/ochrana-soukromi\" \/>\n<meta property=\"og:site_name\" content=\"PatentEnter s.r.o.\" \/>\n<meta property=\"article:modified_time\" content=\"2025-06-04T07:42:34+00:00\" \/>\n<meta name=\"twitter:card\" content=\"summary_large_image\" \/>\n<meta name=\"twitter:label1\" content=\"Est. reading time\" \/>\n\t<meta name=\"twitter:data1\" content=\"4 minutes\" \/>\n<script type=\"application\/ld+json\" class=\"yoast-schema-graph\">{\"@context\":\"https:\\\/\\\/schema.org\",\"@graph\":[{\"@type\":\"WebPage\",\"@id\":\"https:\\\/\\\/patententer.com\\\/en\\\/ochrana-soukromi\",\"url\":\"https:\\\/\\\/patententer.com\\\/en\\\/ochrana-soukromi\",\"name\":\"Z\u00e1sady ochrany osobn\u00edch \u00fadaj\u016f | PatentEnter s.r.o.\",\"isPartOf\":{\"@id\":\"https:\\\/\\\/patententer.com\\\/en#website\"},\"datePublished\":\"2023-01-06T12:57:58+00:00\",\"dateModified\":\"2025-06-04T07:42:34+00:00\",\"breadcrumb\":{\"@id\":\"https:\\\/\\\/patententer.com\\\/en\\\/ochrana-soukromi#breadcrumb\"},\"inLanguage\":\"en-US\",\"potentialAction\":[{\"@type\":\"ReadAction\",\"target\":[\"https:\\\/\\\/patententer.com\\\/en\\\/ochrana-soukromi\"]}]},{\"@type\":\"BreadcrumbList\",\"@id\":\"https:\\\/\\\/patententer.com\\\/en\\\/ochrana-soukromi#breadcrumb\",\"itemListElement\":[{\"@type\":\"ListItem\",\"position\":1,\"name\":\"Dom\u016f\",\"item\":\"https:\\\/\\\/patententer.com\\\/en\"},{\"@type\":\"ListItem\",\"position\":2,\"name\":\"Z\u00e1sady ochrany osobn\u00edch \u00fadaj\u016f\"}]},{\"@type\":\"WebSite\",\"@id\":\"https:\\\/\\\/patententer.com\\\/en#website\",\"url\":\"https:\\\/\\\/patententer.com\\\/en\",\"name\":\"PatentEnter s.r.o.\",\"description\":\"Helping ideas enter the world\",\"publisher\":{\"@id\":\"https:\\\/\\\/patententer.com\\\/en#organization\"},\"potentialAction\":[{\"@type\":\"SearchAction\",\"target\":{\"@type\":\"EntryPoint\",\"urlTemplate\":\"https:\\\/\\\/patententer.com\\\/en?s={search_term_string}\"},\"query-input\":{\"@type\":\"PropertyValueSpecification\",\"valueRequired\":true,\"valueName\":\"search_term_string\"}}],\"inLanguage\":\"en-US\"},{\"@type\":\"Organization\",\"@id\":\"https:\\\/\\\/patententer.com\\\/en#organization\",\"name\":\"PatentEnter s.r.o.\",\"url\":\"https:\\\/\\\/patententer.com\\\/en\",\"logo\":{\"@type\":\"ImageObject\",\"inLanguage\":\"en-US\",\"@id\":\"https:\\\/\\\/patententer.com\\\/en#\\\/schema\\\/logo\\\/image\\\/\",\"url\":\"https:\\\/\\\/patententer.com\\\/wp-content\\\/uploads\\\/2023\\\/04\\\/logo.svg\",\"contentUrl\":\"https:\\\/\\\/patententer.com\\\/wp-content\\\/uploads\\\/2023\\\/04\\\/logo.svg\",\"width\":254,\"height\":47,\"caption\":\"PatentEnter s.r.o.\"},\"image\":{\"@id\":\"https:\\\/\\\/patententer.com\\\/en#\\\/schema\\\/logo\\\/image\\\/\"}}]}<\/script>\n<!-- \/ Yoast SEO plugin. -->","yoast_head_json":{"title":"Z\u00e1sady ochrany osobn\u00edch \u00fadaj\u016f | PatentEnter s.r.o.","robots":{"index":"index","follow":"follow","max-snippet":"max-snippet:-1","max-image-preview":"max-image-preview:large","max-video-preview":"max-video-preview:-1"},"canonical":"https:\/\/patententer.com\/en\/ochrana-soukromi","og_locale":"en_US","og_type":"article","og_title":"Z\u00e1sady ochrany osobn\u00edch \u00fadaj\u016f | PatentEnter s.r.o.","og_url":"https:\/\/patententer.com\/en\/ochrana-soukromi","og_site_name":"PatentEnter s.r.o.","article_modified_time":"2025-06-04T07:42:34+00:00","twitter_card":"summary_large_image","twitter_misc":{"Est. reading time":"4 minutes"},"schema":{"@context":"https:\/\/schema.org","@graph":[{"@type":"WebPage","@id":"https:\/\/patententer.com\/en\/ochrana-soukromi","url":"https:\/\/patententer.com\/en\/ochrana-soukromi","name":"Z\u00e1sady ochrany osobn\u00edch \u00fadaj\u016f | PatentEnter s.r.o.","isPartOf":{"@id":"https:\/\/patententer.com\/en#website"},"datePublished":"2023-01-06T12:57:58+00:00","dateModified":"2025-06-04T07:42:34+00:00","breadcrumb":{"@id":"https:\/\/patententer.com\/en\/ochrana-soukromi#breadcrumb"},"inLanguage":"en-US","potentialAction":[{"@type":"ReadAction","target":["https:\/\/patententer.com\/en\/ochrana-soukromi"]}]},{"@type":"BreadcrumbList","@id":"https:\/\/patententer.com\/en\/ochrana-soukromi#breadcrumb","itemListElement":[{"@type":"ListItem","position":1,"name":"Dom\u016f","item":"https:\/\/patententer.com\/en"},{"@type":"ListItem","position":2,"name":"Z\u00e1sady ochrany osobn\u00edch \u00fadaj\u016f"}]},{"@type":"WebSite","@id":"https:\/\/patententer.com\/en#website","url":"https:\/\/patententer.com\/en","name":"PatentEnter s.r.o.","description":"Helping ideas enter the world","publisher":{"@id":"https:\/\/patententer.com\/en#organization"},"potentialAction":[{"@type":"SearchAction","target":{"@type":"EntryPoint","urlTemplate":"https:\/\/patententer.com\/en?s={search_term_string}"},"query-input":{"@type":"PropertyValueSpecification","valueRequired":true,"valueName":"search_term_string"}}],"inLanguage":"en-US"},{"@type":"Organization","@id":"https:\/\/patententer.com\/en#organization","name":"PatentEnter s.r.o.","url":"https:\/\/patententer.com\/en","logo":{"@type":"ImageObject","inLanguage":"en-US","@id":"https:\/\/patententer.com\/en#\/schema\/logo\/image\/","url":"https:\/\/patententer.com\/wp-content\/uploads\/2023\/04\/logo.svg","contentUrl":"https:\/\/patententer.com\/wp-content\/uploads\/2023\/04\/logo.svg","width":254,"height":47,"caption":"PatentEnter s.r.o."},"image":{"@id":"https:\/\/patententer.com\/en#\/schema\/logo\/image\/"}}]}},"_links":{"self":[{"href":"https:\/\/patententer.com\/en\/wp-json\/wp\/v2\/pages\/3064","targetHints":{"allow":["GET"]}}],"collection":[{"href":"https:\/\/patententer.com\/en\/wp-json\/wp\/v2\/pages"}],"about":[{"href":"https:\/\/patententer.com\/en\/wp-json\/wp\/v2\/types\/page"}],"author":[{"embeddable":true,"href":"https:\/\/patententer.com\/en\/wp-json\/wp\/v2\/users\/3"}],"replies":[{"embeddable":true,"href":"https:\/\/patententer.com\/en\/wp-json\/wp\/v2\/comments?post=3064"}],"version-history":[{"count":10,"href":"https:\/\/patententer.com\/en\/wp-json\/wp\/v2\/pages\/3064\/revisions"}],"predecessor-version":[{"id":5959,"href":"https:\/\/patententer.com\/en\/wp-json\/wp\/v2\/pages\/3064\/revisions\/5959"}],"wp:attachment":[{"href":"https:\/\/patententer.com\/en\/wp-json\/wp\/v2\/media?parent=3064"}],"curies":[{"name":"wp","href":"https:\/\/api.w.org\/{rel}","templated":true}]}}